{"id":13,"date":"2021-04-29T14:17:17","date_gmt":"2021-04-29T14:17:17","guid":{"rendered":"https:\/\/neu.grelldenker.ch\/?page_id=13"},"modified":"2022-12-09T09:37:20","modified_gmt":"2022-12-09T09:37:20","slug":"kontakt","status":"publish","type":"page","link":"https:\/\/portfolio-grelldenker.nachhaltig-sichtbar.ch\/?page_id=13","title":{"rendered":"Kontakt"},"content":{"rendered":"<ul>\n<li>\n<p>46.8885,7.49685<\/p>\n<h3>Grelldenker-B\u00fcro Belp<\/h3>\n<div>Hohlestrasse 4, 3123 Belp\n<\/div>\n<\/li>\n<li>\n<p>47.4256,9.3696<\/p>\n<h3>Grelldenker-B\u00fcro St. Gallen<\/h3>\n<div>Zwinglistrasse 6, 9000 St. Gallen\n<\/div>\n<\/li>\n<\/ul>\n<div>\n<h1 class=\"uk-h2\">Grelldenker<span style=\"font-weight: 400; font-size: 1rem; position: relative; top: -3px;\"> &#8211; die kreative Digitalagentur<\/span><\/h1>\n<\/div>\n<ul>\n<li>\n<p><a href=\"mailto:hallo@grelldenker.ch\"><\/p>\n<p>hallo@grelldenker.ch<\/p>\n<p><\/a><\/p>\n<\/li>\n<li>\n<p><a href=\"tel:+41 31 343 01 43\"><\/p>\n<p>+ 41 31 343 01 43<\/p>\n<p><\/a><\/p>\n<\/li>\n<\/ul>\n<div>B\u00fcro- und Supportzeiten: Mo-Fr 8:00 &#8211; 17:30 Uhr<\/div>\n<ul>\n<li>\n<h2>B\u00fcro Belp<\/h2>\n<div>\n<p><span>Grubenstrasse <\/span><span>1 Postfach <\/span><br \/>3123 Belp<\/p>\n<\/div>\n<\/li>\n<li>\n<h2>B\u00fcro St. Gallen<\/h2>\n<div>\n<p>Zwinglistrasse 6 <br \/>9000 St. Gallen<\/p>\n<\/div>\n<\/li>\n<\/ul>\n<h2>Community<\/h2>\n<ul>\n<li><a href=\"https:\/\/www.linkedin.com\/company\/grelldenker\/\">linkedin<\/a>\n<\/li>\n<li><a href=\"https:\/\/www.facebook.com\/grelldenker\">facebook<\/a>\n<\/li>\n<li><a href=\"https:\/\/www.instagram.com\/grelldenker\/\">instagram<\/a>\n<\/li>\n<li><a href=\"https:\/\/www.tiktok.com\/@grelldenker\">tiktok<\/a>\n<\/li>\n<\/ul>\n<p><!--more--><br \/>\n<!-- {\"name\":\"Contact\",\"type\":\"layout\",\"children\":[{\"type\":\"section\",\"props\":{\"style\":\"default\",\"width\":\"large\",\"vertical_align\":\"middle\",\"title_position\":\"top-left\",\"title_rotation\":\"left\",\"title_breakpoint\":\"xl\",\"image_position\":\"center-center\",\"padding_remove_bottom\":true,\"padding\":\"small\"},\"children\":[{\"type\":\"row\",\"children\":[{\"type\":\"column\",\"props\":{\"image_position\":\"center-center\",\"media_overlay_gradient\":\"\",\"position_sticky_breakpoint\":\"m\"},\"children\":[{\"name\":\"\",\"type\":\"map\",\"props\":{\"show_title\":true,\"type\":\"roadmap\",\"zoom\":\"8\",\"controls\":false,\"zooming\":true,\"dragging\":true,\"styler_hue\":\"#F5FB07\",\"height\":\"450\",\"styler_lightness\":39,\"styler_invert_lightness\":false,\"styler_saturation\":-100,\"styler_gamma\":2,\"show_meta\":true,\"show_content\":true,\"show_image\":true,\"show_link\":true,\"min_zoom\":\"6\",\"max_zoom\":18,\"title_hover_style\":\"reset\",\"title_element\":\"h3\",\"meta_style\":\"meta\",\"meta_align\":\"below-title\",\"meta_element\":\"div\",\"image_svg_color\":\"emphasis\",\"link_text\":\"Read more\",\"link_style\":\"default\",\"margin\":\"default\",\"clustering\":false,\"title_style\":\"h4\",\"marker_icon\":\"wp-content\\\/uploads\\\/apple-touch-icon.png\",\"marker_icon_width\":\"60\",\"marker_icon_height\":\"60\"},\"children\":[{\"name\":\"\",\"type\":\"map_item\",\"props\":{\"location\":\"46.8885,7.49685\",\"title\":\"Grelldenker-B\\u00fcro Belp\",\"show_popup\":false,\"content\":\"Hohlestrasse 4, 3123 Belp\\n\"}},{\"name\":\"\",\"type\":\"map_item\",\"props\":{\"location\":\"47.4256,9.3696\",\"title\":\"Grelldenker-B\\u00fcro St. Gallen\",\"content\":\"Zwinglistrasse 6, 9000 St. Gallen\\n\"}}]}]}]}]},{\"type\":\"section\",\"props\":{\"style\":\"default\",\"width\":\"default\",\"vertical_align\":\"middle\",\"title_position\":\"top-left\",\"title_rotation\":\"left\",\"title_breakpoint\":\"xl\",\"image_position\":\"center-center\",\"padding_remove_bottom\":true,\"padding\":\"none\",\"animation\":\"fade\",\"animation_delay\":\"200\",\"css\":\".el-section{\\n\\tposition:relative;\\n    top:-100px;\\n    z-index:10000;\\n}\"},\"children\":[{\"type\":\"row\",\"props\":{\"layout\":\"1-2,1-2\",\"column_gap\":\"medium\"},\"children\":[{\"type\":\"column\",\"props\":{\"image_position\":\"center-center\",\"media_overlay_gradient\":\"\",\"width_medium\":\"1-2\",\"style\":\"muted\",\"padding\":\"small\",\"position_sticky_breakpoint\":\"m\"},\"children\":[{\"type\":\"text\",\"props\":{\"margin\":\"default\",\"column_breakpoint\":\"m\",\"content\":\"\n\n<h1 class=\\\"uk-h2\\\">Grelldenker<span style=\\\"font-weight: 400; font-size: 1rem; position: relative; top: -3px;\\\"> - die kreative Digitalagentur<\\\/span><\\\/h1>\"}},{\"name\":\"\",\"type\":\"list\",\"props\":{\"show_image\":true,\"show_link\":true,\"image_align\":\"left\",\"content_style\":\"h3\",\"text_align\":\"left\",\"maxwidth\":\"large\",\"list_size\":\"\",\"list_element\":\"ul\",\"column_breakpoint\":\"m\",\"image_svg_color\":\"emphasis\",\"image_vertical_align\":true,\"icon_width\":\"30\",\"list_type\":\"vertical\",\"list_horizontal_separator\":\", \"},\"children\":[{\"name\":\"\",\"type\":\"list_item\",\"props\":{\"content\":\"\n\n<p>hallo@grelldenker.ch<\\\/p>\",\"link\":\"mailto:hallo@grelldenker.ch\",\"icon\":\"\"}},{\"name\":\"\",\"type\":\"list_item\",\"props\":{\"content\":\"\n\n<p>+ 41 31 343 01 43<\\\/p>\",\"link\":\"tel:+41 31 343 01 43\",\"icon\":\"\"}}]},{\"name\":\"\",\"type\":\"text\",\"props\":{\"margin\":\"\",\"column_breakpoint\":\"m\",\"content\":\"B\\u00fcro- und Supportzeiten: Mo-Fr 8:00 - 17:30 Uhr\",\"text_align\":\"left\",\"text_color\":\"muted\"}}]},{\"type\":\"column\",\"props\":{\"image_position\":\"center-center\",\"media_overlay_gradient\":\"\",\"width_medium\":\"1-2\",\"style\":\"muted\",\"padding\":\"small\",\"position_sticky_breakpoint\":\"m\"},\"children\":[{\"name\":\"\",\"type\":\"grid\",\"props\":{\"show_title\":true,\"show_meta\":true,\"show_content\":true,\"show_image\":true,\"show_link\":true,\"grid_default\":\"1\",\"grid_medium\":\"2\",\"title_element\":\"h2\",\"meta_style\":\"meta\",\"meta_align\":\"below-title\",\"image_align\":\"top\",\"image_grid_width\":\"1-2\",\"link_text\":\"Read more\",\"link_style\":\"default\",\"margin\":\"medium\",\"grid_small\":\"2\",\"text_align\":\"left\",\"text_align_breakpoint\":\"s\",\"text_align_fallback\":\"center\",\"title_style\":\"h3\",\"grid_column_gap\":\"large\",\"grid_row_gap\":\"large\",\"image_grid_breakpoint\":\"m\",\"icon_width\":80,\"filter_style\":\"tab\",\"filter_all\":true,\"filter_position\":\"top\",\"filter_align\":\"left\",\"filter_grid_width\":\"auto\",\"filter_grid_breakpoint\":\"m\",\"title_hover_style\":\"reset\",\"title_align\":\"top\",\"title_grid_width\":\"1-2\",\"title_grid_breakpoint\":\"m\",\"meta_element\":\"div\",\"content_column_breakpoint\":\"m\",\"image_svg_color\":\"emphasis\",\"item_animation\":true,\"grid_divider\":true,\"title_margin\":\"small\"},\"children\":[{\"name\":\"\",\"type\":\"grid_item\",\"props\":{\"content\":\"\n\n<p><span>Grubenstrasse <\\\/span><span>1 Postfach <\\\/span><br \\\/>3123 Belp<\\\/p>\",\"title\":\"B\\u00fcro Belp\"}},{\"name\":\"\",\"type\":\"grid_item\",\"props\":{\"content\":\"\n\n<p>Zwinglistrasse 6 <br \\\/>9000 St. Gallen<\\\/p>\",\"title\":\"B\\u00fcro St. Gallen\"}}]}]}]}]},{\"type\":\"section\",\"props\":{\"style\":\"default\",\"width\":\"default\",\"vertical_align\":\"middle\",\"title_position\":\"top-left\",\"title_rotation\":\"left\",\"title_breakpoint\":\"xl\",\"image_position\":\"center-center\",\"padding_remove_top\":true},\"children\":[{\"type\":\"row\",\"children\":[{\"type\":\"column\",\"props\":{\"image_position\":\"center-center\",\"media_overlay_gradient\":\"\",\"width_medium\":\"\",\"style\":\"default\",\"padding\":\"small\",\"css\":\".uk-tile-default{\\n\\tpadding-top:0;\\n}\",\"position_sticky_breakpoint\":\"m\"},\"children\":[{\"name\":\"\",\"type\":\"headline\",\"props\":{\"title_element\":\"h2\",\"content\":\"Community\",\"text_align\":\"center\",\"title_style\":\"h3\",\"block_align_fallback\":\"center\",\"text_align_breakpoint\":\"m\",\"text_align_fallback\":\"center\"}},{\"type\":\"social\",\"props\":{\"link_style\":\"button\",\"grid\":\"horizontal\",\"grid_gap\":\"medium\",\"margin\":\"default\",\"icon_width\":\"35\",\"link_target\":true,\"text_align\":\"center\",\"text_align_breakpoint\":\"m\",\"text_align_fallback\":\"center\",\"css\":\".uk-icon-button{\\n\\twidth:60px;\\n    height:60px;\\n    border-width:2px;\\n}\"},\"children\":[{\"type\":\"social_item\",\"props\":{\"link\":\"https:\\\/\\\/www.linkedin.com\\\/company\\\/grelldenker\\\/\"}},{\"type\":\"social_item\",\"props\":{\"link\":\"https:\\\/\\\/www.facebook.com\\\/grelldenker\"}},{\"type\":\"social_item\",\"props\":{\"link\":\"https:\\\/\\\/www.instagram.com\\\/grelldenker\\\/\"}},{\"type\":\"social_item\",\"props\":{\"link\":\"https:\\\/\\\/www.tiktok.com\\\/@grelldenker\",\"icon\":\"tiktok\"}}]}]}]}]}],\"version\":\"2.7.22\"} --><\/p>\n","protected":false},"excerpt":{"rendered":"<p>46.8885,7.49685 Grelldenker-B\u00fcro Belp Hohlestrasse 4, 3123 Belp 47.4256,9.3696 Grelldenker-B\u00fcro St. Gallen Zwinglistrasse 6, 9000 St. Gallen Grelldenker &#8211; die kreative Digitalagentur hallo@grelldenker.ch + 41 31 343 01 43 B\u00fcro- und Supportzeiten: Mo-Fr 8:00 &#8211; 17:30 Uhr B\u00fcro Belp Grubenstrasse 1 Postfach 3123 Belp B\u00fcro St. Gallen Zwinglistrasse 6 9000 St. Gallen Community linkedin facebook instagram [&hellip;]<\/p>\n","protected":false},"author":1,"featured_media":0,"parent":0,"menu_order":0,"comment_status":"closed","ping_status":"closed","template":"","meta":{"_acf_changed":false,"footnotes":""},"class_list":["post-13","page","type-page","status-publish","hentry"],"acf":[],"yoast_head":"<!-- This site is optimized with the Yoast SEO plugin v25.3 - https:\/\/yoast.com\/wordpress\/plugins\/seo\/ -->\n<title>Kontakt | Grelldenker<\/title>\n<meta name=\"description\" content=\"Unsere Analyse deckt ihr digitales Potenzial auf \u2013 nutzen Sie es! Mit unseren technischen Kompetenzen und Leidenschaft f\u00fcr kreative Ideen verhelfen wir Ihnen zu mehr Sichtbarkeit! SEO\/SEA, Social-Media-Konzepte, Video, Foto, Text, \u2026 Just call!\" \/>\n<meta name=\"robots\" content=\"noindex, follow, max-snippet:-1, max-image-preview:large, max-video-preview:-1\" \/>\n<meta property=\"og:locale\" content=\"de_DE\" \/>\n<meta property=\"og:type\" content=\"article\" \/>\n<meta property=\"og:title\" content=\"Kontakt | Grelldenker\" \/>\n<meta property=\"og:description\" content=\"Unsere Analyse deckt ihr digitales Potenzial auf \u2013 nutzen Sie es! Mit unseren technischen Kompetenzen und Leidenschaft f\u00fcr kreative Ideen verhelfen wir Ihnen zu mehr Sichtbarkeit! SEO\/SEA, Social-Media-Konzepte, Video, Foto, Text, \u2026 Just call!\" \/>\n<meta property=\"og:url\" content=\"https:\/\/portfolio-grelldenker.nachhaltig-sichtbar.ch\/?page_id=13\" \/>\n<meta property=\"og:site_name\" content=\"Grelldenker\" \/>\n<meta property=\"article:publisher\" content=\"https:\/\/www.facebook.com\/grelldenker\" \/>\n<meta property=\"article:modified_time\" content=\"2022-12-09T09:37:20+00:00\" \/>\n<meta name=\"twitter:card\" content=\"summary_large_image\" \/>\n<script type=\"application\/ld+json\" class=\"yoast-schema-graph\">{\"@context\":\"https:\/\/schema.org\",\"@graph\":[{\"@type\":\"WebPage\",\"@id\":\"https:\/\/portfolio-grelldenker.nachhaltig-sichtbar.ch\/?page_id=13\",\"url\":\"https:\/\/portfolio-grelldenker.nachhaltig-sichtbar.ch\/?page_id=13\",\"name\":\"Kontakt | Grelldenker\",\"isPartOf\":{\"@id\":\"https:\/\/portfolio-grelldenker.nachhaltig-sichtbar.ch\/#website\"},\"datePublished\":\"2021-04-29T14:17:17+00:00\",\"dateModified\":\"2022-12-09T09:37:20+00:00\",\"description\":\"Unsere Analyse deckt ihr digitales Potenzial auf \u2013 nutzen Sie es! Mit unseren technischen Kompetenzen und Leidenschaft f\u00fcr kreative Ideen verhelfen wir Ihnen zu mehr Sichtbarkeit! SEO\/SEA, Social-Media-Konzepte, Video, Foto, Text, \u2026 Just call!\",\"breadcrumb\":{\"@id\":\"https:\/\/portfolio-grelldenker.nachhaltig-sichtbar.ch\/?page_id=13#breadcrumb\"},\"inLanguage\":\"de-CH\",\"potentialAction\":[{\"@type\":\"ReadAction\",\"target\":[\"https:\/\/portfolio-grelldenker.nachhaltig-sichtbar.ch\/?page_id=13\"]}]},{\"@type\":\"BreadcrumbList\",\"@id\":\"https:\/\/portfolio-grelldenker.nachhaltig-sichtbar.ch\/?page_id=13#breadcrumb\",\"itemListElement\":[{\"@type\":\"ListItem\",\"position\":1,\"name\":\"Home\",\"item\":\"https:\/\/portfolio-grelldenker.nachhaltig-sichtbar.ch\/\"},{\"@type\":\"ListItem\",\"position\":2,\"name\":\"Kontakt\"}]},{\"@type\":\"WebSite\",\"@id\":\"https:\/\/portfolio-grelldenker.nachhaltig-sichtbar.ch\/#website\",\"url\":\"https:\/\/portfolio-grelldenker.nachhaltig-sichtbar.ch\/\",\"name\":\"Grelldenker\",\"description\":\"die kreative Digitalagentur\",\"publisher\":{\"@id\":\"https:\/\/portfolio-grelldenker.nachhaltig-sichtbar.ch\/#organization\"},\"potentialAction\":[{\"@type\":\"SearchAction\",\"target\":{\"@type\":\"EntryPoint\",\"urlTemplate\":\"https:\/\/portfolio-grelldenker.nachhaltig-sichtbar.ch\/?s={search_term_string}\"},\"query-input\":{\"@type\":\"PropertyValueSpecification\",\"valueRequired\":true,\"valueName\":\"search_term_string\"}}],\"inLanguage\":\"de-CH\"},{\"@type\":\"Organization\",\"@id\":\"https:\/\/portfolio-grelldenker.nachhaltig-sichtbar.ch\/#organization\",\"name\":\"Grelldenker\",\"url\":\"https:\/\/portfolio-grelldenker.nachhaltig-sichtbar.ch\/\",\"logo\":{\"@type\":\"ImageObject\",\"inLanguage\":\"de-CH\",\"@id\":\"https:\/\/portfolio-grelldenker.nachhaltig-sichtbar.ch\/#\/schema\/logo\/image\/\",\"url\":\"https:\/\/www.grelldenker.ch\/grelldenker-stag\/wp-content\/uploads\/title.svg\",\"contentUrl\":\"https:\/\/www.grelldenker.ch\/grelldenker-stag\/wp-content\/uploads\/title.svg\",\"width\":1,\"height\":1,\"caption\":\"Grelldenker\"},\"image\":{\"@id\":\"https:\/\/portfolio-grelldenker.nachhaltig-sichtbar.ch\/#\/schema\/logo\/image\/\"},\"sameAs\":[\"https:\/\/www.facebook.com\/grelldenker\",\"https:\/\/www.instagram.com\/grelldenker\/\",\"https:\/\/www.linkedin.com\/company\/grelldenker\/\"]}]}<\/script>\n<!-- \/ Yoast SEO plugin. -->","yoast_head_json":{"title":"Kontakt | Grelldenker","description":"Unsere Analyse deckt ihr digitales Potenzial auf \u2013 nutzen Sie es! Mit unseren technischen Kompetenzen und Leidenschaft f\u00fcr kreative Ideen verhelfen wir Ihnen zu mehr Sichtbarkeit! SEO\/SEA, Social-Media-Konzepte, Video, Foto, Text, \u2026 Just call!","robots":{"index":"noindex","follow":"follow","max-snippet":"max-snippet:-1","max-image-preview":"max-image-preview:large","max-video-preview":"max-video-preview:-1"},"og_locale":"de_DE","og_type":"article","og_title":"Kontakt | Grelldenker","og_description":"Unsere Analyse deckt ihr digitales Potenzial auf \u2013 nutzen Sie es! Mit unseren technischen Kompetenzen und Leidenschaft f\u00fcr kreative Ideen verhelfen wir Ihnen zu mehr Sichtbarkeit! SEO\/SEA, Social-Media-Konzepte, Video, Foto, Text, \u2026 Just call!","og_url":"https:\/\/portfolio-grelldenker.nachhaltig-sichtbar.ch\/?page_id=13","og_site_name":"Grelldenker","article_publisher":"https:\/\/www.facebook.com\/grelldenker","article_modified_time":"2022-12-09T09:37:20+00:00","twitter_card":"summary_large_image","schema":{"@context":"https:\/\/schema.org","@graph":[{"@type":"WebPage","@id":"https:\/\/portfolio-grelldenker.nachhaltig-sichtbar.ch\/?page_id=13","url":"https:\/\/portfolio-grelldenker.nachhaltig-sichtbar.ch\/?page_id=13","name":"Kontakt | Grelldenker","isPartOf":{"@id":"https:\/\/portfolio-grelldenker.nachhaltig-sichtbar.ch\/#website"},"datePublished":"2021-04-29T14:17:17+00:00","dateModified":"2022-12-09T09:37:20+00:00","description":"Unsere Analyse deckt ihr digitales Potenzial auf \u2013 nutzen Sie es! Mit unseren technischen Kompetenzen und Leidenschaft f\u00fcr kreative Ideen verhelfen wir Ihnen zu mehr Sichtbarkeit! SEO\/SEA, Social-Media-Konzepte, Video, Foto, Text, \u2026 Just call!","breadcrumb":{"@id":"https:\/\/portfolio-grelldenker.nachhaltig-sichtbar.ch\/?page_id=13#breadcrumb"},"inLanguage":"de-CH","potentialAction":[{"@type":"ReadAction","target":["https:\/\/portfolio-grelldenker.nachhaltig-sichtbar.ch\/?page_id=13"]}]},{"@type":"BreadcrumbList","@id":"https:\/\/portfolio-grelldenker.nachhaltig-sichtbar.ch\/?page_id=13#breadcrumb","itemListElement":[{"@type":"ListItem","position":1,"name":"Home","item":"https:\/\/portfolio-grelldenker.nachhaltig-sichtbar.ch\/"},{"@type":"ListItem","position":2,"name":"Kontakt"}]},{"@type":"WebSite","@id":"https:\/\/portfolio-grelldenker.nachhaltig-sichtbar.ch\/#website","url":"https:\/\/portfolio-grelldenker.nachhaltig-sichtbar.ch\/","name":"Grelldenker","description":"die kreative Digitalagentur","publisher":{"@id":"https:\/\/portfolio-grelldenker.nachhaltig-sichtbar.ch\/#organization"},"potentialAction":[{"@type":"SearchAction","target":{"@type":"EntryPoint","urlTemplate":"https:\/\/portfolio-grelldenker.nachhaltig-sichtbar.ch\/?s={search_term_string}"},"query-input":{"@type":"PropertyValueSpecification","valueRequired":true,"valueName":"search_term_string"}}],"inLanguage":"de-CH"},{"@type":"Organization","@id":"https:\/\/portfolio-grelldenker.nachhaltig-sichtbar.ch\/#organization","name":"Grelldenker","url":"https:\/\/portfolio-grelldenker.nachhaltig-sichtbar.ch\/","logo":{"@type":"ImageObject","inLanguage":"de-CH","@id":"https:\/\/portfolio-grelldenker.nachhaltig-sichtbar.ch\/#\/schema\/logo\/image\/","url":"https:\/\/www.grelldenker.ch\/grelldenker-stag\/wp-content\/uploads\/title.svg","contentUrl":"https:\/\/www.grelldenker.ch\/grelldenker-stag\/wp-content\/uploads\/title.svg","width":1,"height":1,"caption":"Grelldenker"},"image":{"@id":"https:\/\/portfolio-grelldenker.nachhaltig-sichtbar.ch\/#\/schema\/logo\/image\/"},"sameAs":["https:\/\/www.facebook.com\/grelldenker","https:\/\/www.instagram.com\/grelldenker\/","https:\/\/www.linkedin.com\/company\/grelldenker\/"]}]}},"_links":{"self":[{"href":"https:\/\/portfolio-grelldenker.nachhaltig-sichtbar.ch\/index.php?rest_route=\/wp\/v2\/pages\/13","targetHints":{"allow":["GET"]}}],"collection":[{"href":"https:\/\/portfolio-grelldenker.nachhaltig-sichtbar.ch\/index.php?rest_route=\/wp\/v2\/pages"}],"about":[{"href":"https:\/\/portfolio-grelldenker.nachhaltig-sichtbar.ch\/index.php?rest_route=\/wp\/v2\/types\/page"}],"author":[{"embeddable":true,"href":"https:\/\/portfolio-grelldenker.nachhaltig-sichtbar.ch\/index.php?rest_route=\/wp\/v2\/users\/1"}],"replies":[{"embeddable":true,"href":"https:\/\/portfolio-grelldenker.nachhaltig-sichtbar.ch\/index.php?rest_route=%2Fwp%2Fv2%2Fcomments&post=13"}],"version-history":[{"count":77,"href":"https:\/\/portfolio-grelldenker.nachhaltig-sichtbar.ch\/index.php?rest_route=\/wp\/v2\/pages\/13\/revisions"}],"predecessor-version":[{"id":2242,"href":"https:\/\/portfolio-grelldenker.nachhaltig-sichtbar.ch\/index.php?rest_route=\/wp\/v2\/pages\/13\/revisions\/2242"}],"wp:attachment":[{"href":"https:\/\/portfolio-grelldenker.nachhaltig-sichtbar.ch\/index.php?rest_route=%2Fwp%2Fv2%2Fmedia&parent=13"}],"curies":[{"name":"wp","href":"https:\/\/api.w.org\/{rel}","templated":true}]}}