{"id":25,"date":"2021-04-29T15:54:02","date_gmt":"2021-04-29T15:54:02","guid":{"rendered":"https:\/\/neu.grelldenker.ch\/?page_id=25"},"modified":"2023-02-23T11:04:29","modified_gmt":"2023-02-23T11:04:29","slug":"agentur","status":"publish","type":"page","link":"https:\/\/portfolio-grelldenker.nachhaltig-sichtbar.ch\/?page_id=25","title":{"rendered":"Agentur"},"content":{"rendered":"<div>\n<h1> Wir brennen f\u00fcr Kreativit\u00e4t <\/h1>\n<div>\n<p>Unser Team von Digital-Spezialist:innen versteht es, Ihr Unternehmen mit einem strategisch ganzheitlichen Ansatz ins richtige Licht zu r\u00fccken und Ihre Zielgruppe punktgenau zu erreichen. Kreativ verspielt und technisch versiert, beleuchten wir f\u00fcr Sie die Chancen und die M\u00f6glichkeiten in der vielf\u00e4ltigen Kommunikationswelt.<\/p>\n<p>Hast du Lust, Teil des Teams zu werden?<br \/><a class=\"uk-button uk-button-text\" href=\"https:\/\/www.grelldenker.ch\/grelldenker-stag\/jobs\" target=\"_blank\" rel=\"noopener\">Zu den offenen Stellen<\/a><\/p>\n<\/div>\n<\/div>\n<ul>\n<li>\n<p>        <img decoding=\"async\" src=\"\/wp-content\/uploads\/tn_Maja_Halle.jpg\" alt=\"Maja Halle\"><\/p>\n<h2>Maja<\/h2>\n<p>Communication Expert<\/p>\n<div>\n<p><a href=\"https:\/\/www.grelldenker.ch\/grelldenker-stag\/agentur\/maja-halle\/\">Skills<\/a><\/p>\n<p><a href=\"tel:+41 31 343 01 40\">+41 31 343 01 40<\/a><a href=\"mailto:maja.halle@grelldenker.ch\"><span style=\"display: block; float: right; font-size: 28px; line-height: 0.5;\"> @<\/span><\/a><\/p>\n<\/div>\n<p><a href=\"\/agentur\/maja-halle\/\"><\/a><\/p>\n<\/li>\n<li>\n<p>        <img decoding=\"async\" src=\"\/wp-content\/uploads\/Andreas-Marks-5.jpg\" alt=\"Andreas Marks\"><\/p>\n<h2>Andreas<\/h2>\n<p>Digital Project <br \/>Manager<\/p>\n<div>\n<p><a href=\"https:\/\/www.grelldenker.ch\/grelldenker-stag\/agentur\/andreas-marks\/\">Skills<\/a><\/p>\n<p><a href=\"tel:+41 31 343 01 44\">+41 31 343 01 44<\/a><a href=\"mailto:andreas.marks@grelldenker.ch\"><span style=\"display: block; float: right; font-size: 28px; line-height: 0.5;\"> @<\/span><\/a><\/p>\n<\/div>\n<p><a href=\"\/agentur\/andreas-marks\/\"><\/a><\/p>\n<\/li>\n<li>\n<p>        <img decoding=\"async\" src=\"\/wp-content\/uploads\/Alessandra_Buerkle_0-1.jpg\" alt=\"Alessandra B\u00fcrkle\"><\/p>\n<h2>Alessandra<\/h2>\n<p>Texterin &#038; Social-Media-Managerin<\/p>\n<div>\n<p><a href=\"https:\/\/www.grelldenker.ch\/grelldenker-stag\/agentur\/alessandra-buerkle\/\">Skills<\/a><\/p>\n<p><a href=\"tel:+41 79 791 83 48\">+41 <span>79 791 83 48<\/span><\/a><a href=\"mailto:alessandra.buerkle@grelldenker.ch\"><span style=\"display: block; float: right; font-size: 28px; line-height: 0.5;\"> @<\/span><\/a><\/p>\n<\/div>\n<p><a href=\"\/agentur\/alessandra-buerkle\/\"><\/a><\/p>\n<\/li>\n<li>\n<p>        <img decoding=\"async\" src=\"\/wp-content\/uploads\/enyafux_grelldenker_web_vorstellung7.jpg\" alt=\"Enya Fux\"><\/p>\n<h2>Enya<\/h2>\n<p>Creative Creator<br \/>(Animation &#038; Video)<\/p>\n<div>\n<p><a href=\"https:\/\/www.grelldenker.ch\/grelldenker-stag\/agentur\/enya-fux\/\">Skills<\/a><\/p>\n<p><a href=\"tel:+41 31 343 01 43\">+41 31 343 01 43<\/a><a href=\"mailto:enya.fux@grelldenker.ch\"><span style=\"display: block; float: right; font-size: 28px; line-height: 0.5;\"> @<\/span><\/a><\/p>\n<\/div>\n<p><a href=\"\/agentur\/enya-fux\/\"><\/a><\/p>\n<\/li>\n<li>\n<p>        <img decoding=\"async\" src=\"\/wp-content\/uploads\/tn_Rafael_Schai.jpg\" alt=\"Katja D\u00fcrig\"><\/p>\n<h2>Rafael<\/h2>\n<p>Key Account <br \/>Manager<\/p>\n<div>\n<p><a href=\"https:\/\/www.grelldenker.ch\/grelldenker-stag\/agentur\/rafael-schai\/\">Skills<\/a><\/p>\n<p><a href=\"tel:+41 79 958 12 93\">+41 79 958 12 93<\/a><a href=\"mailto:rafael.schai@grelldenker.ch\"><span style=\"display: block; float: right; font-size: 28px; line-height: 0.5;\"> @<\/span><\/a><\/p>\n<\/div>\n<p><a href=\"\/agentur\/rafael-schai\/\"><\/a><\/p>\n<\/li>\n<li>\n<p>        <img decoding=\"async\" src=\"\/wp-content\/uploads\/tn_Marc_Tscherne.jpg\" alt=\"Marc Tscherne\"><\/p>\n<h2>Marc<\/h2>\n<p>Digital Account Manager<\/p>\n<div>\n<p><a href=\"https:\/\/www.grelldenker.ch\/grelldenker-stag\/agentur\/marc-tscherne\/\">Skills<\/a><\/p>\n<p><a href=\"tel:+41 78 400 56 62\">+41 78 400 56 62<\/a><a href=\"mailto:marc.tscherne@grelldenker.ch\"><span style=\"display: block; float: right; font-size: 28px; line-height: 0.5;\"> @<\/span><\/a><\/p>\n<\/div>\n<p><a href=\"\/agentur\/marc-tscherne\/\"><\/a><\/p>\n<\/li>\n<li>\n<p>        <img decoding=\"async\" src=\"\/wp-content\/uploads\/Alain_de_Roche_Portraet.jpg\" alt=\"Alain de Roche\"><\/p>\n<h2>Alain<\/h2>\n<p>Digital Marketing Manager<\/p>\n<div>\n<p><a href=\"https:\/\/www.grelldenker.ch\/grelldenker-stag\/agentur\/alain-de-roche\/\">Skills<\/a><\/p>\n<p><a href=\"tel:+41 79 778 20 02\"><span>+41 79 778 20 02<\/span><\/a><a href=\"mailto:alain.de.roche@grelldenker.ch\"><span style=\"display: block; float: right; font-size: 28px; line-height: 0.5;\"> @<\/span><\/a><\/p>\n<\/div>\n<p><a href=\"\/agentur\/alain-de-roche\/\"><\/a><\/p>\n<\/li>\n<li>\n<p>        <img decoding=\"async\" src=\"\/wp-content\/uploads\/tn_Kevin_Manz.jpg\" alt=\"Kevin Manz\"><\/p>\n<h2>Kevin<\/h2>\n<p>Digital Development<br \/>Manager<\/p>\n<div>\n<p><a href=\"https:\/\/www.grelldenker.ch\/grelldenker-stag\/agentur\/marc-tscherne\/\">Skills<\/a><\/p>\n<p><a href=\"tel:+41 31 343 01 45\">+41 31 343 01 45<\/a><a href=\"mailto:kevin.manz@grelldenker.ch\"><span style=\"display: block; float: right; font-size: 28px; line-height: 0.5;\"> @<\/span><\/a><\/p>\n<\/div>\n<p><a href=\"\/agentur\/kevin-manz\/\"><\/a><\/p>\n<\/li>\n<li>\n<p>        <img decoding=\"async\" src=\"\/wp-content\/uploads\/tn_Katja_Duerig.jpg\" alt=\"Katja D\u00fcrig\"><\/p>\n<h2>Katja <\/h2>\n<p>Art Director (Freelancer)<\/p>\n<div>\n<p><a href=\"https:\/\/www.grelldenker.ch\/grelldenker-stag\/agentur\/katja-duerig\/\">Skills<\/a><\/p>\n<p><a href=\"tel:+41 31 343 01 44\">+41 31 343 01 43<\/a><a href=\"mailto:hallo@grelldenker.ch\"><span style=\"display: block; float: right; font-size: 28px; line-height: 0.5;\"> @<\/span><\/a><\/p>\n<\/div>\n<p><a href=\"\/agentur\/katja-duerig\/\"><\/a><\/p>\n<\/li>\n<li>\n<p>        <img decoding=\"async\" src=\"\/wp-content\/uploads\/Valerie_Kueng_Babypause.jpg\" alt=\"Val\u00e9rie Mathieu\"><\/p>\n<h2>Val\u00e9rie<\/h2>\n<p>Social Media Manager &#038; Content Specialist<\/p>\n<div>\n<p>bis Mitte 2023<\/p>\n<p><a href=\"https:\/\/www.grelldenker.ch\/grelldenker-stag\/agentur\/valerie-kueng\/\">Skills<\/a><\/p>\n<\/div>\n<p><a href=\"\/agentur\/valerie-kueng\/\"><\/a><\/p>\n<\/li>\n<li>\n<p>        <img decoding=\"async\" src=\"\/wp-content\/uploads\/Bild1-Portrait.jpg\" alt=\"\"><\/p>\n<h2>Janna<\/h2>\n<p>Praktikantin<br \/>(Content Creation &#038; Content Management)<\/p>\n<div>\n<p>Skills<\/p>\n<p><a href=\"tel:+41 31 343 01 43\">+41 31 343 01 43<\/a><a href=\"mailto:praktikum@grelldenker.ch\"><span style=\"display: block; float: right; font-size: 28px; line-height: 0.5;\"> @<\/span><\/a><\/p>\n<\/p>\n<\/div>\n<\/li>\n<\/ul>\n<p><!--more--><br \/>\n<!-- {\"type\":\"layout\",\"children\":[{\"type\":\"section\",\"props\":{\"style\":\"default\",\"width\":\"large\",\"vertical_align\":\"middle\",\"title_position\":\"top-left\",\"title_rotation\":\"left\",\"title_breakpoint\":\"xl\",\"image_position\":\"center-center\",\"height\":\"expand\",\"animation\":\"scale-up\",\"animation_delay\":\"300\"},\"children\":[{\"type\":\"row\",\"props\":{\"layout\":\"1-3,2-3\",\"column_gap\":\"small\",\"match\":true,\"row_gap\":\"small\"},\"children\":[{\"type\":\"column\",\"props\":{\"image_position\":\"center-center\",\"media_overlay_gradient\":\"\",\"width_medium\":\"1-3\",\"padding\":\"xsmall\",\"position_sticky_breakpoint\":\"m\"},\"children\":[{\"type\":\"panel\",\"props\":{\"link_text\":\"Read more\",\"title_hover_style\":\"reset\",\"title_element\":\"h1\",\"title_align\":\"top\",\"title_grid_width\":\"1-2\",\"title_grid_breakpoint\":\"m\",\"meta_style\":\"meta\",\"meta_align\":\"below-title\",\"meta_element\":\"div\",\"content_column_breakpoint\":\"m\",\"icon_width\":80,\"image_align\":\"top\",\"image_grid_width\":\"1-2\",\"image_grid_breakpoint\":\"m\",\"image_svg_color\":\"emphasis\",\"link_style\":\"default\",\"margin\":\"default\",\"content\":\"\n\n<p>Unser Team von Digital-Spezialist:innen versteht es, Ihr Unternehmen mit einem strategisch ganzheitlichen Ansatz ins richtige Licht zu r\\u00fccken und Ihre Zielgruppe punktgenau zu erreichen. Kreativ verspielt und technisch versiert, beleuchten wir f\\u00fcr Sie die Chancen und die M\\u00f6glichkeiten in der vielf\\u00e4ltigen Kommunikationswelt.<\\\/p>\\n\n\n<p>Hast du Lust, Teil des Teams zu werden?<br \\\/><a class=\\\"uk-button uk-button-text\\\" href=\\\"https:\\\/\\\/www.grelldenker.ch\\\/grelldenker-stag\\\/jobs\\\" target=\\\"_blank\\\" rel=\\\"noopener\\\">Zu den offenen Stellen<\\\/a><\\\/p>\",\"title\":\" Wir brennen f\\u00fcr Kreativit\\u00e4t \",\"panel_style\":\"card-primary\",\"title_style\":\"h2\",\"panel_padding\":\"small\"}}]},{\"type\":\"column\",\"props\":{\"image_position\":\"center-center\",\"media_overlay_gradient\":\"\",\"width_medium\":\"2-3\",\"padding\":\"small\",\"class\":\"\",\"position_sticky_breakpoint\":\"m\"},\"children\":[{\"type\":\"grid\",\"props\":{\"show_title\":true,\"show_meta\":true,\"show_content\":true,\"show_image\":true,\"show_link\":true,\"grid_default\":\"1\",\"grid_medium\":\"3\",\"filter_style\":\"tab\",\"filter_all\":true,\"filter_position\":\"top\",\"filter_align\":\"left\",\"filter_grid_width\":\"auto\",\"filter_grid_breakpoint\":\"m\",\"title_hover_style\":\"reset\",\"title_element\":\"h2\",\"title_align\":\"top\",\"title_grid_width\":\"1-2\",\"title_grid_breakpoint\":\"m\",\"meta_style\":\"\",\"meta_align\":\"below-title\",\"meta_element\":\"div\",\"content_column_breakpoint\":\"m\",\"icon_width\":80,\"image_align\":\"between\",\"image_grid_width\":\"1-2\",\"image_grid_breakpoint\":\"m\",\"image_svg_color\":\"emphasis\",\"link_text\":\"\",\"link_style\":\"default\",\"margin\":\"default\",\"item_animation\":true,\"grid_large\":\"4\",\"grid_small\":\"2\",\"panel_link\":false,\"lightbox\":false,\"panel_style\":\"card-primary\",\"title_style\":\"h2\",\"meta_margin\":\"remove\",\"image_width\":\"400\",\"image_height\":\"400\",\"image_link\":true,\"image_margin\":\"small\",\"grid_column_gap\":\"small\",\"grid_row_gap\":\"small\",\"animation\":\"slide-top-medium\",\"title_link\":true,\"panel_padding\":\"small\"},\"children\":[{\"type\":\"grid_item\",\"props\":{\"title\":\"Maja\",\"meta\":\"Communication Expert\",\"content\":\"\n\n<p><a href=\\\"https:\\\/\\\/www.grelldenker.ch\\\/grelldenker-stag\\\/agentur\\\/maja-halle\\\/\\\">Skills<\\\/a><\\\/p>\\n\n\n<p><a href=\\\"tel:+41 31 343 01 40\\\">+41 31 343 01 40<\\\/a><a href=\\\"mailto:maja.halle@grelldenker.ch\\\"><span style=\\\"display: block; float: right; font-size: 28px; line-height: 0.5;\\\"> @<\\\/span><\\\/a><\\\/p>\",\"image\":\"wp-content\\\/uploads\\\/tn_Maja_Halle.jpg\",\"link\":\"agentur\\\/maja-halle\\\/\",\"image_alt\":\"Maja Halle\",\"link_text\":\"\"}},{\"type\":\"grid_item\",\"props\":{\"title\":\"Andreas\",\"meta\":\"Digital Project <br\\\/>Manager\",\"content\":\"\n\n<p><a href=\\\"https:\\\/\\\/www.grelldenker.ch\\\/grelldenker-stag\\\/agentur\\\/andreas-marks\\\/\\\">Skills<\\\/a><\\\/p>\\n\n\n<p><a href=\\\"tel:+41 31 343 01 44\\\">+41 31 343 01 44<\\\/a><a href=\\\"mailto:andreas.marks@grelldenker.ch\\\"><span style=\\\"display: block; float: right; font-size: 28px; line-height: 0.5;\\\"> @<\\\/span><\\\/a><\\\/p>\",\"image\":\"wp-content\\\/uploads\\\/Andreas-Marks-5.jpg\",\"image_alt\":\"Andreas Marks\",\"link\":\"agentur\\\/andreas-marks\\\/\",\"link_text\":\"\"}},{\"type\":\"grid_item\",\"props\":{\"title\":\"Alessandra\",\"meta\":\"Texterin & Social-Media-Managerin\",\"content\":\"\n\n<p><a href=\\\"https:\\\/\\\/www.grelldenker.ch\\\/grelldenker-stag\\\/agentur\\\/alessandra-buerkle\\\/\\\">Skills<\\\/a><\\\/p>\\n\n\n<p><a href=\\\"tel:+41 79 791 83 48\\\">+41 <span>79 791 83 48<\\\/span><\\\/a><a href=\\\"mailto:alessandra.buerkle@grelldenker.ch\\\"><span style=\\\"display: block; float: right; font-size: 28px; line-height: 0.5;\\\"> @<\\\/span><\\\/a><\\\/p>\",\"image\":\"wp-content\\\/uploads\\\/Alessandra_Buerkle_0-1.jpg\",\"image_alt\":\"Alessandra B\\u00fcrkle\",\"link\":\"agentur\\\/alessandra-buerkle\\\/\",\"link_text\":\"\",\"status\":\"\"}},{\"type\":\"grid_item\",\"props\":{\"title\":\"Enya\",\"meta\":\"Creative Creator<br \/>(Animation & Video)\",\"content\":\"\n\n<p><a href=\\\"https:\\\/\\\/www.grelldenker.ch\\\/grelldenker-stag\\\/agentur\\\/enya-fux\\\/\\\">Skills<\\\/a><\\\/p>\\n\n\n<p><a href=\\\"tel:+41 31 343 01 43\\\">+41 31 343 01 43<\\\/a><a href=\\\"mailto:enya.fux@grelldenker.ch\\\"><span style=\\\"display: block; float: right; font-size: 28px; line-height: 0.5;\\\"> @<\\\/span><\\\/a><\\\/p>\",\"image\":\"wp-content\\\/uploads\\\/enyafux_grelldenker_web_vorstellung7.jpg\",\"image_alt\":\"Enya Fux\",\"link\":\"agentur\\\/enya-fux\\\/\",\"link_text\":\"\",\"status\":\"\"}},{\"type\":\"grid_item\",\"props\":{\"title\":\"Rafael\",\"meta\":\"Key Account <br\\\/>Manager\",\"content\":\"\n\n<p><a href=\\\"https:\\\/\\\/www.grelldenker.ch\\\/grelldenker-stag\\\/agentur\\\/rafael-schai\\\/\\\">Skills<\\\/a><\\\/p>\\n\n\n<p><a href=\\\"tel:+41 79 958 12 93\\\">+41 79 958 12 93<\\\/a><a href=\\\"mailto:rafael.schai@grelldenker.ch\\\"><span style=\\\"display: block; float: right; font-size: 28px; line-height: 0.5;\\\"> @<\\\/span><\\\/a><\\\/p>\",\"image\":\"wp-content\\\/uploads\\\/tn_Rafael_Schai.jpg\",\"image_alt\":\"Katja D\\u00fcrig\",\"link\":\"agentur\\\/rafael-schai\\\/\",\"link_text\":\"\"}},{\"type\":\"grid_item\",\"props\":{\"title\":\"Marc\",\"meta\":\"Digital Account Manager\",\"content\":\"\n\n<p><a href=\\\"https:\\\/\\\/www.grelldenker.ch\\\/grelldenker-stag\\\/agentur\\\/marc-tscherne\\\/\\\">Skills<\\\/a><\\\/p>\\n\n\n<p><a href=\\\"tel:+41 78 400 56 62\\\">+41 78 400 56 62<\\\/a><a href=\\\"mailto:marc.tscherne@grelldenker.ch\\\"><span style=\\\"display: block; float: right; font-size: 28px; line-height: 0.5;\\\"> @<\\\/span><\\\/a><\\\/p>\",\"image\":\"\\\/wp-content\\\/uploads\\\/tn_Marc_Tscherne.jpg\",\"image_alt\":\"Marc Tscherne\",\"link\":\"agentur\\\/marc-tscherne\\\/\",\"link_text\":\"\"}},{\"type\":\"grid_item\",\"props\":{\"title\":\"Alain\",\"meta\":\"Digital Marketing Manager\",\"content\":\"\n\n<p><a href=\\\"https:\\\/\\\/www.grelldenker.ch\\\/grelldenker-stag\\\/agentur\\\/alain-de-roche\\\/\\\">Skills<\\\/a><\\\/p>\\n\n\n<p><a href=\\\"tel:+41 79 778 20 02\\\"><span>+41 79 778 20 02<\\\/span><\\\/a><a href=\\\"mailto:alain.de.roche@grelldenker.ch\\\"><span style=\\\"display: block; float: right; font-size: 28px; line-height: 0.5;\\\"> @<\\\/span><\\\/a><\\\/p>\",\"image\":\"wp-content\\\/uploads\\\/Alain_de_Roche_Portraet.jpg\",\"image_alt\":\"Alain de Roche\",\"link\":\"agentur\\\/alain-de-roche\\\/\",\"link_text\":\"\"}},{\"type\":\"grid_item\",\"props\":{\"title\":\"Kevin\",\"meta\":\"Digital Development<br \\\/>Manager\",\"content\":\"\n\n<p><a href=\\\"https:\\\/\\\/www.grelldenker.ch\\\/grelldenker-stag\\\/agentur\\\/marc-tscherne\\\/\\\">Skills<\\\/a><\\\/p>\\n\n\n<p><a href=\\\"tel:+41 31 343 01 45\\\">+41 31 343 01 45<\\\/a><a href=\\\"mailto:kevin.manz@grelldenker.ch\\\"><span style=\\\"display: block; float: right; font-size: 28px; line-height: 0.5;\\\"> @<\\\/span><\\\/a><\\\/p>\",\"image\":\"\\\/wp-content\\\/uploads\\\/tn_Kevin_Manz.jpg\",\"image_alt\":\"Kevin Manz\",\"link\":\"agentur\\\/kevin-manz\\\/\",\"link_text\":\"\"}},{\"type\":\"grid_item\",\"props\":{\"title\":\"Katja \",\"meta\":\"Art Director (Freelancer)\",\"content\":\"\n\n<p><a href=\\\"https:\\\/\\\/www.grelldenker.ch\\\/grelldenker-stag\\\/agentur\\\/katja-duerig\\\/\\\">Skills<\\\/a><\\\/p>\\n\n\n<p><a href=\\\"tel:+41 31 343 01 44\\\">+41 31 343 01 43<\\\/a><a href=\\\"mailto:hallo@grelldenker.ch\\\"><span style=\\\"display: block; float: right; font-size: 28px; line-height: 0.5;\\\"> @<\\\/span><\\\/a><\\\/p>\",\"image\":\"wp-content\\\/uploads\\\/tn_Katja_Duerig.jpg\",\"image_alt\":\"Katja D\\u00fcrig\",\"link\":\"agentur\\\/katja-duerig\\\/\",\"link_text\":\"\"}},{\"type\":\"grid_item\",\"props\":{\"title\":\"Val\\u00e9rie\",\"meta\":\"Social Media Manager & Content Specialist\",\"content\":\"\n\n<p>bis Mitte 2023<\\\/p>\\n\n\n<p><a href=\\\"https:\\\/\\\/www.grelldenker.ch\\\/grelldenker-stag\\\/agentur\\\/valerie-kueng\\\/\\\">Skills<\\\/a><\\\/p>\",\"image\":\"wp-content\\\/uploads\\\/Valerie_Kueng_Babypause.jpg\",\"image_alt\":\"Val\\u00e9rie Mathieu\",\"link\":\"agentur\\\/valerie-kueng\\\/\",\"link_text\":\"\"}},{\"type\":\"grid_item\",\"props\":{\"title\":\"Janna\",\"content\":\"\n\n<p>Skills<\\\/p>\\n\n\n<p><a href=\\\"tel:+41 31 343 01 43\\\">+41 31 343 01 43<\\\/a><a href=\\\"mailto:praktikum@grelldenker.ch\\\"><span style=\\\"display: block; float: right; font-size: 28px; line-height: 0.5;\\\"> @<\\\/span><\\\/a><\\\/p>\\n\n\n<p><\\\/p>\",\"image\":\"wp-content\\\/uploads\\\/Bild1-Portrait.jpg\",\"meta\":\"Praktikantin<br \/>(Content Creation & Content Management)\"}}]}]}]}],\"modified\":\"2021-05-27T14:09:01.710Z\",\"name\":\"Layout Leistungen\"}],\"version\":\"2.7.22\"} --><\/p>\n","protected":false},"excerpt":{"rendered":"<p>Wir brennen f\u00fcr Kreativit\u00e4t Unser Team von Digital-Spezialist:innen versteht es, Ihr Unternehmen mit einem strategisch ganzheitlichen Ansatz ins richtige Licht zu r\u00fccken und Ihre Zielgruppe punktgenau zu erreichen. Kreativ verspielt und technisch versiert, beleuchten wir f\u00fcr Sie die Chancen und die M\u00f6glichkeiten in der vielf\u00e4ltigen Kommunikationswelt. Hast du Lust, Teil des Teams zu werden?Zu den [&hellip;]<\/p>\n","protected":false},"author":1,"featured_media":0,"parent":0,"menu_order":0,"comment_status":"closed","ping_status":"closed","template":"","meta":{"_acf_changed":false,"footnotes":""},"class_list":["post-25","page","type-page","status-publish","hentry"],"acf":[],"yoast_head":"<!-- This site is optimized with the Yoast SEO plugin v25.3 - https:\/\/yoast.com\/wordpress\/plugins\/seo\/ -->\n<title>Agentur - Digital-Spezialisten, die f\u00fcr Kreativit\u00e4t brennen! | Grelldenker<\/title>\n<meta name=\"description\" content=\"Digital-Spezialisten, die f\u00fcr Kreativit\u00e4t brennen! Wir r\u00fccken Ihr Unternehmen ins richtige Licht. Seien Sie auffindbar!\" \/>\n<meta name=\"robots\" content=\"noindex, follow, max-snippet:-1, max-image-preview:large, max-video-preview:-1\" \/>\n<meta property=\"og:locale\" content=\"de_DE\" \/>\n<meta property=\"og:type\" content=\"article\" \/>\n<meta property=\"og:title\" content=\"Agentur - Digital-Spezialisten, die f\u00fcr Kreativit\u00e4t brennen! | Grelldenker\" \/>\n<meta property=\"og:description\" content=\"Digital-Spezialisten, die f\u00fcr Kreativit\u00e4t brennen! Wir r\u00fccken Ihr Unternehmen ins richtige Licht. Seien Sie auffindbar!\" \/>\n<meta property=\"og:url\" content=\"https:\/\/portfolio-grelldenker.nachhaltig-sichtbar.ch\/?page_id=25\" \/>\n<meta property=\"og:site_name\" content=\"Grelldenker\" \/>\n<meta property=\"article:publisher\" content=\"https:\/\/www.facebook.com\/grelldenker\" \/>\n<meta property=\"article:modified_time\" content=\"2023-02-23T11:04:29+00:00\" \/>\n<meta name=\"twitter:card\" content=\"summary_large_image\" \/>\n<meta name=\"twitter:label1\" content=\"Gesch\u00e4tzte Lesezeit\" \/>\n\t<meta name=\"twitter:data1\" content=\"5\u00a0Minuten\" \/>\n<script type=\"application\/ld+json\" class=\"yoast-schema-graph\">{\"@context\":\"https:\/\/schema.org\",\"@graph\":[{\"@type\":\"WebPage\",\"@id\":\"https:\/\/portfolio-grelldenker.nachhaltig-sichtbar.ch\/?page_id=25\",\"url\":\"https:\/\/portfolio-grelldenker.nachhaltig-sichtbar.ch\/?page_id=25\",\"name\":\"Agentur - Digital-Spezialisten, die f\u00fcr Kreativit\u00e4t brennen! | Grelldenker\",\"isPartOf\":{\"@id\":\"https:\/\/portfolio-grelldenker.nachhaltig-sichtbar.ch\/#website\"},\"datePublished\":\"2021-04-29T15:54:02+00:00\",\"dateModified\":\"2023-02-23T11:04:29+00:00\",\"description\":\"Digital-Spezialisten, die f\u00fcr Kreativit\u00e4t brennen! Wir r\u00fccken Ihr Unternehmen ins richtige Licht. Seien Sie auffindbar!\",\"breadcrumb\":{\"@id\":\"https:\/\/portfolio-grelldenker.nachhaltig-sichtbar.ch\/?page_id=25#breadcrumb\"},\"inLanguage\":\"de-CH\",\"potentialAction\":[{\"@type\":\"ReadAction\",\"target\":[\"https:\/\/portfolio-grelldenker.nachhaltig-sichtbar.ch\/?page_id=25\"]}]},{\"@type\":\"BreadcrumbList\",\"@id\":\"https:\/\/portfolio-grelldenker.nachhaltig-sichtbar.ch\/?page_id=25#breadcrumb\",\"itemListElement\":[{\"@type\":\"ListItem\",\"position\":1,\"name\":\"Home\",\"item\":\"https:\/\/portfolio-grelldenker.nachhaltig-sichtbar.ch\/\"},{\"@type\":\"ListItem\",\"position\":2,\"name\":\"Agentur\"}]},{\"@type\":\"WebSite\",\"@id\":\"https:\/\/portfolio-grelldenker.nachhaltig-sichtbar.ch\/#website\",\"url\":\"https:\/\/portfolio-grelldenker.nachhaltig-sichtbar.ch\/\",\"name\":\"Grelldenker\",\"description\":\"die kreative Digitalagentur\",\"publisher\":{\"@id\":\"https:\/\/portfolio-grelldenker.nachhaltig-sichtbar.ch\/#organization\"},\"potentialAction\":[{\"@type\":\"SearchAction\",\"target\":{\"@type\":\"EntryPoint\",\"urlTemplate\":\"https:\/\/portfolio-grelldenker.nachhaltig-sichtbar.ch\/?s={search_term_string}\"},\"query-input\":{\"@type\":\"PropertyValueSpecification\",\"valueRequired\":true,\"valueName\":\"search_term_string\"}}],\"inLanguage\":\"de-CH\"},{\"@type\":\"Organization\",\"@id\":\"https:\/\/portfolio-grelldenker.nachhaltig-sichtbar.ch\/#organization\",\"name\":\"Grelldenker\",\"url\":\"https:\/\/portfolio-grelldenker.nachhaltig-sichtbar.ch\/\",\"logo\":{\"@type\":\"ImageObject\",\"inLanguage\":\"de-CH\",\"@id\":\"https:\/\/portfolio-grelldenker.nachhaltig-sichtbar.ch\/#\/schema\/logo\/image\/\",\"url\":\"https:\/\/www.grelldenker.ch\/grelldenker-stag\/wp-content\/uploads\/title.svg\",\"contentUrl\":\"https:\/\/www.grelldenker.ch\/grelldenker-stag\/wp-content\/uploads\/title.svg\",\"width\":1,\"height\":1,\"caption\":\"Grelldenker\"},\"image\":{\"@id\":\"https:\/\/portfolio-grelldenker.nachhaltig-sichtbar.ch\/#\/schema\/logo\/image\/\"},\"sameAs\":[\"https:\/\/www.facebook.com\/grelldenker\",\"https:\/\/www.instagram.com\/grelldenker\/\",\"https:\/\/www.linkedin.com\/company\/grelldenker\/\"]}]}<\/script>\n<!-- \/ Yoast SEO plugin. -->","yoast_head_json":{"title":"Agentur - Digital-Spezialisten, die f\u00fcr Kreativit\u00e4t brennen! | Grelldenker","description":"Digital-Spezialisten, die f\u00fcr Kreativit\u00e4t brennen! Wir r\u00fccken Ihr Unternehmen ins richtige Licht. Seien Sie auffindbar!","robots":{"index":"noindex","follow":"follow","max-snippet":"max-snippet:-1","max-image-preview":"max-image-preview:large","max-video-preview":"max-video-preview:-1"},"og_locale":"de_DE","og_type":"article","og_title":"Agentur - Digital-Spezialisten, die f\u00fcr Kreativit\u00e4t brennen! | Grelldenker","og_description":"Digital-Spezialisten, die f\u00fcr Kreativit\u00e4t brennen! Wir r\u00fccken Ihr Unternehmen ins richtige Licht. Seien Sie auffindbar!","og_url":"https:\/\/portfolio-grelldenker.nachhaltig-sichtbar.ch\/?page_id=25","og_site_name":"Grelldenker","article_publisher":"https:\/\/www.facebook.com\/grelldenker","article_modified_time":"2023-02-23T11:04:29+00:00","twitter_card":"summary_large_image","twitter_misc":{"Gesch\u00e4tzte Lesezeit":"5\u00a0Minuten"},"schema":{"@context":"https:\/\/schema.org","@graph":[{"@type":"WebPage","@id":"https:\/\/portfolio-grelldenker.nachhaltig-sichtbar.ch\/?page_id=25","url":"https:\/\/portfolio-grelldenker.nachhaltig-sichtbar.ch\/?page_id=25","name":"Agentur - Digital-Spezialisten, die f\u00fcr Kreativit\u00e4t brennen! | Grelldenker","isPartOf":{"@id":"https:\/\/portfolio-grelldenker.nachhaltig-sichtbar.ch\/#website"},"datePublished":"2021-04-29T15:54:02+00:00","dateModified":"2023-02-23T11:04:29+00:00","description":"Digital-Spezialisten, die f\u00fcr Kreativit\u00e4t brennen! Wir r\u00fccken Ihr Unternehmen ins richtige Licht. Seien Sie auffindbar!","breadcrumb":{"@id":"https:\/\/portfolio-grelldenker.nachhaltig-sichtbar.ch\/?page_id=25#breadcrumb"},"inLanguage":"de-CH","potentialAction":[{"@type":"ReadAction","target":["https:\/\/portfolio-grelldenker.nachhaltig-sichtbar.ch\/?page_id=25"]}]},{"@type":"BreadcrumbList","@id":"https:\/\/portfolio-grelldenker.nachhaltig-sichtbar.ch\/?page_id=25#breadcrumb","itemListElement":[{"@type":"ListItem","position":1,"name":"Home","item":"https:\/\/portfolio-grelldenker.nachhaltig-sichtbar.ch\/"},{"@type":"ListItem","position":2,"name":"Agentur"}]},{"@type":"WebSite","@id":"https:\/\/portfolio-grelldenker.nachhaltig-sichtbar.ch\/#website","url":"https:\/\/portfolio-grelldenker.nachhaltig-sichtbar.ch\/","name":"Grelldenker","description":"die kreative Digitalagentur","publisher":{"@id":"https:\/\/portfolio-grelldenker.nachhaltig-sichtbar.ch\/#organization"},"potentialAction":[{"@type":"SearchAction","target":{"@type":"EntryPoint","urlTemplate":"https:\/\/portfolio-grelldenker.nachhaltig-sichtbar.ch\/?s={search_term_string}"},"query-input":{"@type":"PropertyValueSpecification","valueRequired":true,"valueName":"search_term_string"}}],"inLanguage":"de-CH"},{"@type":"Organization","@id":"https:\/\/portfolio-grelldenker.nachhaltig-sichtbar.ch\/#organization","name":"Grelldenker","url":"https:\/\/portfolio-grelldenker.nachhaltig-sichtbar.ch\/","logo":{"@type":"ImageObject","inLanguage":"de-CH","@id":"https:\/\/portfolio-grelldenker.nachhaltig-sichtbar.ch\/#\/schema\/logo\/image\/","url":"https:\/\/www.grelldenker.ch\/grelldenker-stag\/wp-content\/uploads\/title.svg","contentUrl":"https:\/\/www.grelldenker.ch\/grelldenker-stag\/wp-content\/uploads\/title.svg","width":1,"height":1,"caption":"Grelldenker"},"image":{"@id":"https:\/\/portfolio-grelldenker.nachhaltig-sichtbar.ch\/#\/schema\/logo\/image\/"},"sameAs":["https:\/\/www.facebook.com\/grelldenker","https:\/\/www.instagram.com\/grelldenker\/","https:\/\/www.linkedin.com\/company\/grelldenker\/"]}]}},"_links":{"self":[{"href":"https:\/\/portfolio-grelldenker.nachhaltig-sichtbar.ch\/index.php?rest_route=\/wp\/v2\/pages\/25","targetHints":{"allow":["GET"]}}],"collection":[{"href":"https:\/\/portfolio-grelldenker.nachhaltig-sichtbar.ch\/index.php?rest_route=\/wp\/v2\/pages"}],"about":[{"href":"https:\/\/portfolio-grelldenker.nachhaltig-sichtbar.ch\/index.php?rest_route=\/wp\/v2\/types\/page"}],"author":[{"embeddable":true,"href":"https:\/\/portfolio-grelldenker.nachhaltig-sichtbar.ch\/index.php?rest_route=\/wp\/v2\/users\/1"}],"replies":[{"embeddable":true,"href":"https:\/\/portfolio-grelldenker.nachhaltig-sichtbar.ch\/index.php?rest_route=%2Fwp%2Fv2%2Fcomments&post=25"}],"version-history":[{"count":126,"href":"https:\/\/portfolio-grelldenker.nachhaltig-sichtbar.ch\/index.php?rest_route=\/wp\/v2\/pages\/25\/revisions"}],"predecessor-version":[{"id":2279,"href":"https:\/\/portfolio-grelldenker.nachhaltig-sichtbar.ch\/index.php?rest_route=\/wp\/v2\/pages\/25\/revisions\/2279"}],"wp:attachment":[{"href":"https:\/\/portfolio-grelldenker.nachhaltig-sichtbar.ch\/index.php?rest_route=%2Fwp%2Fv2%2Fmedia&parent=25"}],"curies":[{"name":"wp","href":"https:\/\/api.w.org\/{rel}","templated":true}]}}